{"id":24,"date":"2025-03-14T11:05:14","date_gmt":"2025-03-14T11:05:14","guid":{"rendered":"https:\/\/lightskyblue-porcupine-850661.hostingersite.com\/?page_id=24"},"modified":"2025-06-01T11:59:18","modified_gmt":"2025-06-01T14:59:18","slug":"sobre-a-mtc","status":"publish","type":"page","link":"https:\/\/mtcassessoria.com.br\/es\/sobre-mtc\/","title":{"rendered":"Acerca de MTC"},"content":{"rendered":"<div data-elementor-type=\"wp-page\" data-elementor-id=\"24\" class=\"elementor elementor-24\" data-elementor-post-type=\"page\">\n\t\t\t\t<div class=\"elementor-element elementor-element-f79a93b e-flex e-con-boxed e-con e-parent\" data-id=\"f79a93b\" data-element_type=\"container\" data-e-type=\"container\" data-settings=\"{&quot;background_background&quot;:&quot;classic&quot;}\">\n\t\t\t\t\t<div class=\"e-con-inner\">\n\t\t\t\t<div class=\"elementor-element elementor-element-224a4bf animated-slow elementor-invisible elementor-widget elementor-widget-heading\" data-id=\"224a4bf\" data-element_type=\"widget\" data-e-type=\"widget\" data-settings=\"{&quot;_animation&quot;:&quot;fadeInDown&quot;}\" data-widget_type=\"heading.default\">\n\t\t\t\t<div class=\"elementor-widget-container\">\n\t\t\t\t\t<h2 class=\"elementor-heading-title elementor-size-default\">EXPORT TAREAS.<\/h2>\t\t\t\t<\/div>\n\t\t\t\t<\/div>\n\t\t\t\t<div class=\"elementor-element elementor-element-555c2f0 animated-slow elementor-invisible elementor-widget elementor-widget-heading\" data-id=\"555c2f0\" data-element_type=\"widget\" data-e-type=\"widget\" data-settings=\"{&quot;_animation&quot;:&quot;fadeInRight&quot;}\" data-widget_type=\"heading.default\">\n\t\t\t\t<div class=\"elementor-widget-container\">\n\t\t\t\t\t<h2 class=\"elementor-heading-title elementor-size-default\">IMPORTE RESULTADOS.<\/h2>\t\t\t\t<\/div>\n\t\t\t\t<\/div>\n\t\t\t\t\t<\/div>\n\t\t\t\t<\/div>\n\t\t<div class=\"elementor-element elementor-element-af70b05 e-flex e-con-boxed e-con e-parent\" data-id=\"af70b05\" data-element_type=\"container\" data-e-type=\"container\">\n\t\t\t\t\t<div class=\"e-con-inner\">\n\t\t<div class=\"elementor-element elementor-element-b88998e e-flex e-con-boxed elementor-invisible e-con e-child\" data-id=\"b88998e\" data-element_type=\"container\" data-e-type=\"container\" data-settings=\"{&quot;background_background&quot;:&quot;gradient&quot;,&quot;animation&quot;:&quot;fadeInUp&quot;}\">\n\t\t\t\t\t<div class=\"e-con-inner\">\n\t\t\t\t<div class=\"elementor-element elementor-element-ebdb520 elementor-widget elementor-widget-text-editor\" data-id=\"ebdb520\" data-element_type=\"widget\" data-e-type=\"widget\" data-widget_type=\"text-editor.default\">\n\t\t\t\t<div class=\"elementor-widget-container\">\n\t\t\t\t\t\t\t\t\tDesde hace 30 a\u00f1os, MTC International Business impulsa a las empresas brasile\u00f1as en el\nmercado internacional.\n<br><br>\nNuestra misi\u00f3n es simplificar la internacionalizaci\u00f3n de las empresas,\nofreciendo soluciones personalizadas, seguras y fiables para empresas de todos\ntama\u00f1os y segmentos.\n<br><br>\nComo facilitadores en todas las fases del comercio exterior, conectamos empresas\nen todo el mundo. MTC trabaja tanto para acercar empresas brasile\u00f1as con empresas extranjeras como para\nempresas extranjeras, como a empresas de diferentes pa\u00edses con empresas en Brasil.\n<br><br>\nTambi\u00e9n asesoramos y conectamos a empresas extranjeras de cualquier\npa\u00eds.\n<br><br>\nCreemos que la experiencia, la \u00e9tica, el cuidado de cada detalle y las buenas relaciones son los pilares de nuestro \u00e9xito.\nlas relaciones son los pilares de nuestro \u00e9xito. Por eso nuestro equipo est\u00e1 formado por especialistas con una s\u00f3lida formaci\u00f3n acad\u00e9mica, amplia experiencia en\ninternacional y una amplia red de relaciones.\t\t\t\t\t\t\t\t<\/div>\n\t\t\t\t<\/div>\n\t\t\t\t\t<\/div>\n\t\t\t\t<\/div>\n\t\t\t\t\t<\/div>\n\t\t\t\t<\/div>\n\t\t<div class=\"elementor-element elementor-element-c989463 e-flex e-con-boxed e-con e-parent\" data-id=\"c989463\" data-element_type=\"container\" data-e-type=\"container\">\n\t\t\t\t\t<div class=\"e-con-inner\">\n\t\t<div class=\"elementor-element elementor-element-5634866 e-con-full e-flex e-con e-child\" data-id=\"5634866\" data-element_type=\"container\" data-e-type=\"container\">\n\t\t\t\t<div class=\"elementor-element elementor-element-31b8e2c elementor-widget elementor-widget-image\" data-id=\"31b8e2c\" data-element_type=\"widget\" data-e-type=\"widget\" data-widget_type=\"image.default\">\n\t\t\t\t<div class=\"elementor-widget-container\">\n\t\t\t\t\t\t\t\t\t\t\t\t\t\t\t<img fetchpriority=\"high\" decoding=\"async\" width=\"1024\" height=\"1024\" src=\"https:\/\/mtcassessoria.com.br\/wp-content\/uploads\/2025\/03\/6-2-1024x1024.png\" class=\"attachment-large size-large wp-image-771\" alt=\"\" srcset=\"https:\/\/mtcassessoria.com.br\/wp-content\/uploads\/2025\/03\/6-2-1024x1024.png 1024w, https:\/\/mtcassessoria.com.br\/wp-content\/uploads\/2025\/03\/6-2-300x300.png 300w, https:\/\/mtcassessoria.com.br\/wp-content\/uploads\/2025\/03\/6-2-150x150.png 150w, https:\/\/mtcassessoria.com.br\/wp-content\/uploads\/2025\/03\/6-2-768x768.png 768w, https:\/\/mtcassessoria.com.br\/wp-content\/uploads\/2025\/03\/6-2.png 1080w\" sizes=\"(max-width: 1024px) 100vw, 1024px\" \/>\t\t\t\t\t\t\t\t\t\t\t\t\t\t\t<\/div>\n\t\t\t\t<\/div>\n\t\t\t\t<\/div>\n\t\t<div class=\"elementor-element elementor-element-f46300d e-con-full e-flex e-con e-child\" data-id=\"f46300d\" data-element_type=\"container\" data-e-type=\"container\">\n\t\t\t\t<div class=\"elementor-element elementor-element-77f7575 animated-slow elementor-invisible elementor-widget elementor-widget-heading\" data-id=\"77f7575\" data-element_type=\"widget\" data-e-type=\"widget\" data-settings=\"{&quot;_animation&quot;:&quot;fadeIn&quot;}\" data-widget_type=\"heading.default\">\n\t\t\t\t<div class=\"elementor-widget-container\">\n\t\t\t\t\t<h2 class=\"elementor-heading-title elementor-size-default\">\u00bfQu\u00e9 ofrecemos?<\/h2>\t\t\t\t<\/div>\n\t\t\t\t<\/div>\n\t\t\t\t<div class=\"elementor-element elementor-element-22f08d4 elementor-drop-cap-yes elementor-drop-cap-view-default elementor-widget elementor-widget-text-editor\" data-id=\"22f08d4\" data-element_type=\"widget\" data-e-type=\"widget\" data-settings=\"{&quot;drop_cap&quot;:&quot;yes&quot;}\" data-widget_type=\"text-editor.default\">\n\t\t\t\t<div class=\"elementor-widget-container\">\n\t\t\t\t\t\t\t\t\t<strong>Tranquilidad y fiabilidad<\/strong> en los negocios internacionales, para generar\nlos mejores resultados para nuestros clientes.\n\nSomos una <strong>fiable y con gran experiencia<\/strong> en comercio exterior.\nNuestros principales diferenciales son: encontrar y desarrollar proveedores en China\ny asesorar a nuestros clientes para vender a otros pa\u00edses, cumpliendo con todos los criterios legales, fiscales y\ntodos los criterios legales, fiscales y contables, realizando todas las actividades, de punta a\nnegocio internacional.\t\t\t\t\t\t\t\t<\/div>\n\t\t\t\t<\/div>\n\t\t\t\t<\/div>\n\t\t\t\t\t<\/div>\n\t\t\t\t<\/div>\n\t\t<div class=\"elementor-element elementor-element-be155f4 e-flex e-con-boxed e-con e-parent\" data-id=\"be155f4\" data-element_type=\"container\" data-e-type=\"container\">\n\t\t\t\t\t<div class=\"e-con-inner\">\n\t\t<div class=\"elementor-element elementor-element-8bc2846 e-con-full e-flex e-con e-child\" data-id=\"8bc2846\" data-element_type=\"container\" data-e-type=\"container\">\n\t\t\t\t<div class=\"elementor-element elementor-element-9d87854 animated-slow elementor-invisible elementor-widget elementor-widget-heading\" data-id=\"9d87854\" data-element_type=\"widget\" data-e-type=\"widget\" data-settings=\"{&quot;_animation&quot;:&quot;fadeIn&quot;}\" data-widget_type=\"heading.default\">\n\t\t\t\t<div class=\"elementor-widget-container\">\n\t\t\t\t\t<h2 class=\"elementor-heading-title elementor-size-default\">Nuestros valores<\/h2>\t\t\t\t<\/div>\n\t\t\t\t<\/div>\n\t\t\t\t<div class=\"elementor-element elementor-element-3eae82a elementor-align-start animated-slow elementor-icon-list--layout-traditional elementor-list-item-link-full_width elementor-invisible elementor-widget elementor-widget-icon-list\" data-id=\"3eae82a\" data-element_type=\"widget\" data-e-type=\"widget\" data-settings=\"{&quot;_animation&quot;:&quot;fadeIn&quot;}\" data-widget_type=\"icon-list.default\">\n\t\t\t\t<div class=\"elementor-widget-container\">\n\t\t\t\t\t\t\t<ul class=\"elementor-icon-list-items\">\n\t\t\t\t\t\t\t<li class=\"elementor-icon-list-item\">\n\t\t\t\t\t\t\t\t\t\t\t<span class=\"elementor-icon-list-icon\">\n\t\t\t\t\t\t\t<svg aria-hidden=\"true\" class=\"e-font-icon-svg e-fas-check\" viewbox=\"0 0 512 512\" xmlns=\"http:\/\/www.w3.org\/2000\/svg\"><path d=\"M173.898 439.404l-166.4-166.4c-9.997-9.997-9.997-26.206 0-36.204l36.203-36.204c9.997-9.998 26.207-9.998 36.204 0L192 312.69 432.095 72.596c9.997-9.997 26.207-9.997 36.204 0l36.203 36.204c9.997 9.997 9.997 26.206 0 36.204l-294.4 294.401c-9.998 9.997-26.207 9.997-36.204-.001z\"><\/path><\/svg>\t\t\t\t\t\t<\/span>\n\t\t\t\t\t\t\t\t\t\t<span class=\"elementor-icon-list-text\">Compromiso con el \u00e9xito del cliente<\/span>\n\t\t\t\t\t\t\t\t\t<\/li>\n\t\t\t\t\t\t\t\t<li class=\"elementor-icon-list-item\">\n\t\t\t\t\t\t\t\t\t\t\t<span class=\"elementor-icon-list-icon\">\n\t\t\t\t\t\t\t<svg aria-hidden=\"true\" class=\"e-font-icon-svg e-fas-check\" viewbox=\"0 0 512 512\" xmlns=\"http:\/\/www.w3.org\/2000\/svg\"><path d=\"M173.898 439.404l-166.4-166.4c-9.997-9.997-9.997-26.206 0-36.204l36.203-36.204c9.997-9.998 26.207-9.998 36.204 0L192 312.69 432.095 72.596c9.997-9.997 26.207-9.997 36.204 0l36.203 36.204c9.997 9.997 9.997 26.206 0 36.204l-294.4 294.401c-9.998 9.997-26.207 9.997-36.204-.001z\"><\/path><\/svg>\t\t\t\t\t\t<\/span>\n\t\t\t\t\t\t\t\t\t\t<span class=\"elementor-icon-list-text\">\u00c9tica y transparencia en las relaciones empresariales.<\/span>\n\t\t\t\t\t\t\t\t\t<\/li>\n\t\t\t\t\t\t\t\t<li class=\"elementor-icon-list-item\">\n\t\t\t\t\t\t\t\t\t\t\t<span class=\"elementor-icon-list-icon\">\n\t\t\t\t\t\t\t<svg aria-hidden=\"true\" class=\"e-font-icon-svg e-fas-check\" viewbox=\"0 0 512 512\" xmlns=\"http:\/\/www.w3.org\/2000\/svg\"><path d=\"M173.898 439.404l-166.4-166.4c-9.997-9.997-9.997-26.206 0-36.204l36.203-36.204c9.997-9.998 26.207-9.998 36.204 0L192 312.69 432.095 72.596c9.997-9.997 26.207-9.997 36.204 0l36.203 36.204c9.997 9.997 9.997 26.206 0 36.204l-294.4 294.401c-9.998 9.997-26.207 9.997-36.204-.001z\"><\/path><\/svg>\t\t\t\t\t\t<\/span>\n\t\t\t\t\t\t\t\t\t\t<span class=\"elementor-icon-list-text\">Excelencia en la prestaci\u00f3n de servicios.<\/span>\n\t\t\t\t\t\t\t\t\t<\/li>\n\t\t\t\t\t\t\t\t<li class=\"elementor-icon-list-item\">\n\t\t\t\t\t\t\t\t\t\t\t<span class=\"elementor-icon-list-icon\">\n\t\t\t\t\t\t\t<svg aria-hidden=\"true\" class=\"e-font-icon-svg e-fas-check\" viewbox=\"0 0 512 512\" xmlns=\"http:\/\/www.w3.org\/2000\/svg\"><path d=\"M173.898 439.404l-166.4-166.4c-9.997-9.997-9.997-26.206 0-36.204l36.203-36.204c9.997-9.998 26.207-9.998 36.204 0L192 312.69 432.095 72.596c9.997-9.997 26.207-9.997 36.204 0l36.203 36.204c9.997 9.997 9.997 26.206 0 36.204l-294.4 294.401c-9.998 9.997-26.207 9.997-36.204-.001z\"><\/path><\/svg>\t\t\t\t\t\t<\/span>\n\t\t\t\t\t\t\t\t\t\t<span class=\"elementor-icon-list-text\">Innovaci\u00f3n constante para ofrecer las mejores soluciones.<\/span>\n\t\t\t\t\t\t\t\t\t<\/li>\n\t\t\t\t\t\t\t\t<li class=\"elementor-icon-list-item\">\n\t\t\t\t\t\t\t\t\t\t\t<span class=\"elementor-icon-list-icon\">\n\t\t\t\t\t\t\t<svg aria-hidden=\"true\" class=\"e-font-icon-svg e-fas-check\" viewbox=\"0 0 512 512\" xmlns=\"http:\/\/www.w3.org\/2000\/svg\"><path d=\"M173.898 439.404l-166.4-166.4c-9.997-9.997-9.997-26.206 0-36.204l36.203-36.204c9.997-9.998 26.207-9.998 36.204 0L192 312.69 432.095 72.596c9.997-9.997 26.207-9.997 36.204 0l36.203 36.204c9.997 9.997 9.997 26.206 0 36.204l-294.4 294.401c-9.998 9.997-26.207 9.997-36.204-.001z\"><\/path><\/svg>\t\t\t\t\t\t<\/span>\n\t\t\t\t\t\t\t\t\t\t<span class=\"elementor-icon-list-text\">Valorar a nuestros socios.<\/span>\n\t\t\t\t\t\t\t\t\t<\/li>\n\t\t\t\t\t\t<\/ul>\n\t\t\t\t\t\t<\/div>\n\t\t\t\t<\/div>\n\t\t\t\t<\/div>\n\t\t<div class=\"elementor-element elementor-element-cbfc7ff e-con-full e-flex e-con e-child\" data-id=\"cbfc7ff\" data-element_type=\"container\" data-e-type=\"container\">\n\t\t\t\t<div class=\"elementor-element elementor-element-638b068 elementor-widget elementor-widget-image\" data-id=\"638b068\" data-element_type=\"widget\" data-e-type=\"widget\" data-widget_type=\"image.default\">\n\t\t\t\t<div class=\"elementor-widget-container\">\n\t\t\t\t\t\t\t\t\t\t\t\t\t\t\t<img decoding=\"async\" width=\"1080\" height=\"1080\" src=\"https:\/\/mtcassessoria.com.br\/wp-content\/uploads\/2025\/03\/5-2.png\" class=\"attachment-full size-full wp-image-770\" alt=\"\" srcset=\"https:\/\/mtcassessoria.com.br\/wp-content\/uploads\/2025\/03\/5-2.png 1080w, https:\/\/mtcassessoria.com.br\/wp-content\/uploads\/2025\/03\/5-2-300x300.png 300w, https:\/\/mtcassessoria.com.br\/wp-content\/uploads\/2025\/03\/5-2-1024x1024.png 1024w, https:\/\/mtcassessoria.com.br\/wp-content\/uploads\/2025\/03\/5-2-150x150.png 150w, https:\/\/mtcassessoria.com.br\/wp-content\/uploads\/2025\/03\/5-2-768x768.png 768w\" sizes=\"(max-width: 1080px) 100vw, 1080px\" \/>\t\t\t\t\t\t\t\t\t\t\t\t\t\t\t<\/div>\n\t\t\t\t<\/div>\n\t\t\t\t<\/div>\n\t\t\t\t\t<\/div>\n\t\t\t\t<\/div>\n\t\t<div class=\"elementor-element elementor-element-1222bc3 e-flex e-con-boxed e-con e-parent\" data-id=\"1222bc3\" data-element_type=\"container\" data-e-type=\"container\" data-settings=\"{&quot;background_background&quot;:&quot;classic&quot;}\">\n\t\t\t\t\t<div class=\"e-con-inner\">\n\t\t\t\t<div class=\"elementor-element elementor-element-6c4fcc3 elementor-widget elementor-widget-heading\" data-id=\"6c4fcc3\" data-element_type=\"widget\" data-e-type=\"widget\" data-widget_type=\"heading.default\">\n\t\t\t\t<div class=\"elementor-widget-container\">\n\t\t\t\t\t<h2 class=\"elementor-heading-title elementor-size-default\">Nuestro equipo<\/h2>\t\t\t\t<\/div>\n\t\t\t\t<\/div>\n\t\t\t\t<div class=\"elementor-element elementor-element-4e85a5c elementor-widget elementor-widget-eael-testimonial\" data-id=\"4e85a5c\" data-element_type=\"widget\" data-e-type=\"widget\" data-widget_type=\"eael-testimonial.default\">\n\t\t\t\t<div class=\"elementor-widget-container\">\n\t\t\t\t\t\n\t<div id=\"eael-testimonial-4e85a5c\" class=\"eael-testimonial-item clearfix  icon-img-left-content\">\n\t\t\t\t\n\t\t\n\t\t\n\t\t\t\t\t\t\t\t<div class=\"eael-testimonial-image\">\n\t\t\t\t\t\t\t\t\t<figure><img decoding=\"async\" width=\"800\" height=\"800\" src=\"https:\/\/mtcassessoria.com.br\/wp-content\/uploads\/2025\/04\/WhatsApp-Image-2025-04-22-at-09.43.05.jpeg\" class=\"attachment-full size-full wp-image-2423\" alt=\"\" srcset=\"https:\/\/mtcassessoria.com.br\/wp-content\/uploads\/2025\/04\/WhatsApp-Image-2025-04-22-at-09.43.05.jpeg 800w, https:\/\/mtcassessoria.com.br\/wp-content\/uploads\/2025\/04\/WhatsApp-Image-2025-04-22-at-09.43.05-300x300.jpeg 300w, https:\/\/mtcassessoria.com.br\/wp-content\/uploads\/2025\/04\/WhatsApp-Image-2025-04-22-at-09.43.05-150x150.jpeg 150w, https:\/\/mtcassessoria.com.br\/wp-content\/uploads\/2025\/04\/WhatsApp-Image-2025-04-22-at-09.43.05-768x768.jpeg 768w\" sizes=\"(max-width: 800px) 100vw, 800px\" \/><\/figure>\n\t\t\t\t\t\t\t<\/div>\n\t\t\t\t\t\t<div class=\"eael-testimonial-content\">\n\t\t\t\t<div class=\"eael-testimonial-text\"><p>Administrador licenciado en Comercio Exterior,<br \/>MBA en Contralor\u00eda y Finanzas, fundadora y CEO de MTC. Tiene m\u00e1s de<br \/>40 a\u00f1os de experiencia en comercio exterior, 14 de ellos dedicados a<br \/>petroqu\u00edmica y los otros a la cabeza de MTC, trabajando en varias<br \/>segmentos.<\/p><\/div>\t\t\t\t<div class=\"bio-text clearfix\">\n\t\t\t\t\t<p class=\"eael-testimonial-user\">Maria Tereza da Costa<\/p>\t\t\t\t<\/div>\n\t\t\t<\/div>\n\t\t\n\t\t\n\t\t\n\t\t\n\t\t<span class=\"eael-testimonial-quote\"><\/span>\n\t<\/div>\n\n\t\t\t\t\t<\/div>\n\t\t\t\t<\/div>\n\t\t\t\t<div class=\"elementor-element elementor-element-77aecde elementor-widget elementor-widget-eael-testimonial\" data-id=\"77aecde\" data-element_type=\"widget\" data-e-type=\"widget\" data-widget_type=\"eael-testimonial.default\">\n\t\t\t\t<div class=\"elementor-widget-container\">\n\t\t\t\t\t\n\t<div id=\"eael-testimonial-77aecde\" class=\"eael-testimonial-item clearfix  icon-img-left-content\">\n\t\t\t\t\n\t\t\n\t\t\n\t\t\t\t\t\t\t\t<div class=\"eael-testimonial-image\">\n\t\t\t\t\t\t\t\t\t<figure><img loading=\"lazy\" decoding=\"async\" width=\"1280\" height=\"853\" src=\"https:\/\/mtcassessoria.com.br\/wp-content\/uploads\/2025\/04\/WhatsApp-Image-2025-04-22-at-10.19.07.jpeg\" class=\"attachment-full size-full wp-image-2424\" alt=\"\" srcset=\"https:\/\/mtcassessoria.com.br\/wp-content\/uploads\/2025\/04\/WhatsApp-Image-2025-04-22-at-10.19.07.jpeg 1280w, https:\/\/mtcassessoria.com.br\/wp-content\/uploads\/2025\/04\/WhatsApp-Image-2025-04-22-at-10.19.07-300x200.jpeg 300w, https:\/\/mtcassessoria.com.br\/wp-content\/uploads\/2025\/04\/WhatsApp-Image-2025-04-22-at-10.19.07-1024x682.jpeg 1024w, https:\/\/mtcassessoria.com.br\/wp-content\/uploads\/2025\/04\/WhatsApp-Image-2025-04-22-at-10.19.07-768x512.jpeg 768w\" sizes=\"(max-width: 1280px) 100vw, 1280px\" \/><\/figure>\n\t\t\t\t\t\t\t<\/div>\n\t\t\t\t\t\t<div class=\"eael-testimonial-content\">\n\t\t\t\t<div class=\"eael-testimonial-text\">Administradora con un MBA en Contralor\u00eda y Finanzas.\nTrabaj\u00f3 durante 18 a\u00f1os como ejecutiva financiera en una multinacional del sector petroqu\u00edmico.\npetroqu\u00edmico y es socia de MTC desde hace 20 a\u00f1os.<\/div>\t\t\t\t<div class=\"bio-text clearfix\">\n\t\t\t\t\t<p class=\"eael-testimonial-user\">Tania Maria Brum<\/p>\t\t\t\t<\/div>\n\t\t\t<\/div>\n\t\t\n\t\t\n\t\t\n\t\t\n\t\t<span class=\"eael-testimonial-quote\"><\/span>\n\t<\/div>\n\n\t\t\t\t\t<\/div>\n\t\t\t\t<\/div>\n\t\t\t\t\t<\/div>\n\t\t\t\t<\/div>\n\t\t\t\t<\/div>","protected":false},"excerpt":{"rendered":"<p>EXPORTAR TAREAS. RESULTADOS DE IMPORTACI\u00d3N. Desde hace 30 a\u00f1os, MTC Neg\u00f3cios Internacionais promueve empresas brasile\u00f1as en el mercado internacional. Nuestra misi\u00f3n es [...]<\/p>","protected":false},"author":1,"featured_media":0,"parent":0,"menu_order":0,"comment_status":"closed","ping_status":"closed","template":"","meta":{"site-sidebar-layout":"no-sidebar","site-content-layout":"","ast-site-content-layout":"full-width-container","site-content-style":"default","site-sidebar-style":"default","ast-global-header-display":"","ast-banner-title-visibility":"","ast-main-header-display":"","ast-hfb-above-header-display":"","ast-hfb-below-header-display":"","ast-hfb-mobile-header-display":"","site-post-title":"disabled","ast-breadcrumbs-content":"","ast-featured-img":"disabled","footer-sml-layout":"","theme-transparent-header-meta":"","adv-header-id-meta":"","stick-header-meta":"","header-above-stick-meta":"","header-main-stick-meta":"","header-below-stick-meta":"","astra-migrate-meta-layouts":"default","ast-page-background-enabled":"default","ast-page-background-meta":{"desktop":{"background-color":"var(--ast-global-color-5)","background-image":"","background-repeat":"repeat","background-position":"center center","background-size":"auto","background-attachment":"scroll","background-type":"","background-media":"","overlay-type":"","overlay-color":"","overlay-opacity":"","overlay-gradient":""},"tablet":{"background-color":"","background-image":"","background-repeat":"repeat","background-position":"center center","background-size":"auto","background-attachment":"scroll","background-type":"","background-media":"","overlay-type":"","overlay-color":"","overlay-opacity":"","overlay-gradient":""},"mobile":{"background-color":"","background-image":"","background-repeat":"repeat","background-position":"center center","background-size":"auto","background-attachment":"scroll","background-type":"","background-media":"","overlay-type":"","overlay-color":"","overlay-opacity":"","overlay-gradient":""}},"ast-content-background-meta":{"desktop":{"background-color":"var(--ast-global-color-4)","background-image":"","background-repeat":"repeat","background-position":"center center","background-size":"auto","background-attachment":"scroll","background-type":"","background-media":"","overlay-type":"","overlay-color":"","overlay-opacity":"","overlay-gradient":""},"tablet":{"background-color":"var(--ast-global-color-4)","background-image":"","background-repeat":"repeat","background-position":"center center","background-size":"auto","background-attachment":"scroll","background-type":"","background-media":"","overlay-type":"","overlay-color":"","overlay-opacity":"","overlay-gradient":""},"mobile":{"background-color":"var(--ast-global-color-4)","background-image":"","background-repeat":"repeat","background-position":"center center","background-size":"auto","background-attachment":"scroll","background-type":"","background-media":"","overlay-type":"","overlay-color":"","overlay-opacity":"","overlay-gradient":""}},"_joinchat":[],"footnotes":""},"class_list":["post-24","page","type-page","status-publish","hentry"],"_links":{"self":[{"href":"https:\/\/mtcassessoria.com.br\/es\/wp-json\/wp\/v2\/pages\/24","targetHints":{"allow":["GET"]}}],"collection":[{"href":"https:\/\/mtcassessoria.com.br\/es\/wp-json\/wp\/v2\/pages"}],"about":[{"href":"https:\/\/mtcassessoria.com.br\/es\/wp-json\/wp\/v2\/types\/page"}],"author":[{"embeddable":true,"href":"https:\/\/mtcassessoria.com.br\/es\/wp-json\/wp\/v2\/users\/1"}],"replies":[{"embeddable":true,"href":"https:\/\/mtcassessoria.com.br\/es\/wp-json\/wp\/v2\/comments?post=24"}],"version-history":[{"count":10,"href":"https:\/\/mtcassessoria.com.br\/es\/wp-json\/wp\/v2\/pages\/24\/revisions"}],"predecessor-version":[{"id":2807,"href":"https:\/\/mtcassessoria.com.br\/es\/wp-json\/wp\/v2\/pages\/24\/revisions\/2807"}],"wp:attachment":[{"href":"https:\/\/mtcassessoria.com.br\/es\/wp-json\/wp\/v2\/media?parent=24"}],"curies":[{"name":"wp","href":"https:\/\/api.w.org\/{rel}","templated":true}]}}