{"id":30,"date":"2025-03-14T11:06:12","date_gmt":"2025-03-14T11:06:12","guid":{"rendered":"https:\/\/lightskyblue-porcupine-850661.hostingersite.com\/?page_id=30"},"modified":"2025-04-17T10:26:29","modified_gmt":"2025-04-17T10:26:29","slug":"blog","status":"publish","type":"page","link":"https:\/\/mtcassessoria.com.br\/es\/blog\/","title":{"rendered":"Blog"},"content":{"rendered":"<div data-elementor-type=\"wp-page\" data-elementor-id=\"30\" class=\"elementor elementor-30\" data-elementor-post-type=\"page\">\n\t\t\t\t<div class=\"elementor-element elementor-element-81e51f5 e-flex e-con-boxed e-con e-parent\" data-id=\"81e51f5\" data-element_type=\"container\" data-e-type=\"container\" data-settings=\"{&quot;background_background&quot;:&quot;classic&quot;}\">\n\t\t\t\t\t<div class=\"e-con-inner\">\n\t\t\t\t<div class=\"elementor-element elementor-element-4aef750 elementor-invisible elementor-widget elementor-widget-heading\" data-id=\"4aef750\" data-element_type=\"widget\" data-e-type=\"widget\" data-settings=\"{&quot;_animation&quot;:&quot;fadeIn&quot;}\" data-widget_type=\"heading.default\">\n\t\t\t\t<div class=\"elementor-widget-container\">\n\t\t\t\t\t<h2 class=\"elementor-heading-title elementor-size-default\">Mant\u00e9ngase al d\u00eda de las noticias sobre comercio exterior con el blog de MTC.<\/h2>\t\t\t\t<\/div>\n\t\t\t\t<\/div>\n\t\t\t\t<div class=\"elementor-element elementor-element-870862d elementor-invisible elementor-widget elementor-widget-heading\" data-id=\"870862d\" data-element_type=\"widget\" data-e-type=\"widget\" data-settings=\"{&quot;_animation&quot;:&quot;fadeIn&quot;}\" data-widget_type=\"heading.default\">\n\t\t\t\t<div class=\"elementor-widget-container\">\n\t\t\t\t\t<h2 class=\"elementor-heading-title elementor-size-default\">Aqu\u00ed encontrar\u00e1 art\u00edculos, consejos e informaci\u00f3n relevante sobre importaci\u00f3n\nexportaci\u00f3n, log\u00edstica internacional, divisas, fiscalidad y mucho m\u00e1s.<br> Compartimos\ntambi\u00e9n los \u00e9xitos y noticias de nuestros clientes <br>del mercado internacional.\n<\/h2>\t\t\t\t<\/div>\n\t\t\t\t<\/div>\n\t\t\t\t\t<\/div>\n\t\t\t\t<\/div>\n\t\t<div class=\"elementor-element elementor-element-6e1fa4e e-flex e-con-boxed e-con e-parent\" data-id=\"6e1fa4e\" data-element_type=\"container\" data-e-type=\"container\">\n\t\t\t\t\t<div class=\"e-con-inner\">\n\t\t\t\t<div class=\"elementor-element elementor-element-cc61c30 elementor-grid-eael-col-4 elementor-grid-tablet-eael-col-2 elementor-grid-mobile-eael-col-1 elementor-widget elementor-widget-eael-post-grid\" data-id=\"cc61c30\" data-element_type=\"widget\" data-e-type=\"widget\" data-settings=\"{&quot;eael_post_grid_columns&quot;:&quot;eael-col-4&quot;,&quot;eael_post_grid_columns_tablet&quot;:&quot;eael-col-2&quot;,&quot;eael_post_grid_columns_mobile&quot;:&quot;eael-col-1&quot;}\" data-widget_type=\"eael-post-grid.default\">\n\t\t\t\t<div class=\"elementor-widget-container\">\n\t\t\t\t\t<div id=\"eael-post-grid-cc61c30\" class=\"eael-post-grid-container\">\n            <div class=\"eael-post-grid eael-post-appender eael-post-appender-cc61c30 eael-post-grid-style-one\" data-layout-mode=\"grid\"><article class=\"eael-grid-post eael-post-grid-column\" data-id=\"2252\">\n        <div class=\"eael-grid-post-holder\">\n            <div class=\"eael-grid-post-holder-inner\"><div class=\"eael-entry-media\"><div class=\"eael-entry-overlay fade-in\"><i class=\"fas fa-long-arrow-alt-right\" aria-hidden=\"true\"><\/i><a href=\"https:\/\/mtcassessoria.com.br\/es\/ventajas-de-la-externalizacion-en-el-comercio-exterior\/\"><\/a><\/div><div class=\"eael-entry-thumbnail eael-image-ratio\">\n                <img fetchpriority=\"high\" decoding=\"async\" width=\"2560\" height=\"1709\" src=\"https:\/\/mtcassessoria.com.br\/wp-content\/uploads\/2025\/04\/business-people-working-data-project-scaled.jpg\" class=\"attachment-full size-full wp-image-2286\" alt=\"\" srcset=\"https:\/\/mtcassessoria.com.br\/wp-content\/uploads\/2025\/04\/business-people-working-data-project-scaled.jpg 2560w, https:\/\/mtcassessoria.com.br\/wp-content\/uploads\/2025\/04\/business-people-working-data-project-300x200.jpg 300w, https:\/\/mtcassessoria.com.br\/wp-content\/uploads\/2025\/04\/business-people-working-data-project-1024x683.jpg 1024w, https:\/\/mtcassessoria.com.br\/wp-content\/uploads\/2025\/04\/business-people-working-data-project-768x513.jpg 768w, https:\/\/mtcassessoria.com.br\/wp-content\/uploads\/2025\/04\/business-people-working-data-project-1536x1025.jpg 1536w, https:\/\/mtcassessoria.com.br\/wp-content\/uploads\/2025\/04\/business-people-working-data-project-2048x1367.jpg 2048w\" sizes=\"(max-width: 2560px) 100vw, 2560px\" \/>\n            <\/div>\n        <\/div><div class=\"eael-entry-wrapper\"><header class=\"eael-entry-header\"><h2 class=\"eael-entry-title\"><a class=\"eael-grid-post-link\" href=\"https:\/\/mtcassessoria.com.br\/es\/ventajas-de-la-externalizacion-en-el-comercio-exterior\/\" title=\"Ventajas de la externalizaci\u00f3n en el comercio exterior\">Ventajas de la externalizaci\u00f3n en el comercio exterior<\/a><\/h2><\/header><div class=\"eael-entry-content\">\n                        <div class=\"eael-grid-post-excerpt\"><p>Ventajas de la externalizaci\u00f3n en el comercio exterior La actividad exportadora...<\/p><a href=\"https:\/\/mtcassessoria.com.br\/es\/ventajas-de-la-externalizacion-en-el-comercio-exterior\/\" class=\"eael-post-elements-readmore-btn\">Seguir leyendo<\/a><\/div>\n                    <\/div><\/div><\/div>\n        <\/div>\n    <\/article><article class=\"eael-grid-post eael-post-grid-column\" data-id=\"2245\">\n        <div class=\"eael-grid-post-holder\">\n            <div class=\"eael-grid-post-holder-inner\"><div class=\"eael-entry-media\"><div class=\"eael-entry-overlay fade-in\"><i class=\"fas fa-long-arrow-alt-right\" aria-hidden=\"true\"><\/i><a href=\"https:\/\/mtcassessoria.com.br\/es\/asociacion-para-la-externalizacion-de-las-exportaciones\/\"><\/a><\/div><div class=\"eael-entry-thumbnail eael-image-ratio\">\n                <img decoding=\"async\" width=\"2560\" height=\"1707\" src=\"https:\/\/mtcassessoria.com.br\/wp-content\/uploads\/2025\/04\/aerial-view-cargo-ship-cargo-container-harbor-scaled.jpg\" class=\"attachment-full size-full wp-image-2285\" alt=\"\" srcset=\"https:\/\/mtcassessoria.com.br\/wp-content\/uploads\/2025\/04\/aerial-view-cargo-ship-cargo-container-harbor-scaled.jpg 2560w, https:\/\/mtcassessoria.com.br\/wp-content\/uploads\/2025\/04\/aerial-view-cargo-ship-cargo-container-harbor-300x200.jpg 300w, https:\/\/mtcassessoria.com.br\/wp-content\/uploads\/2025\/04\/aerial-view-cargo-ship-cargo-container-harbor-1024x683.jpg 1024w, https:\/\/mtcassessoria.com.br\/wp-content\/uploads\/2025\/04\/aerial-view-cargo-ship-cargo-container-harbor-768x512.jpg 768w, https:\/\/mtcassessoria.com.br\/wp-content\/uploads\/2025\/04\/aerial-view-cargo-ship-cargo-container-harbor-1536x1024.jpg 1536w, https:\/\/mtcassessoria.com.br\/wp-content\/uploads\/2025\/04\/aerial-view-cargo-ship-cargo-container-harbor-2048x1365.jpg 2048w\" sizes=\"(max-width: 2560px) 100vw, 2560px\" \/>\n            <\/div>\n        <\/div><div class=\"eael-entry-wrapper\"><header class=\"eael-entry-header\"><h2 class=\"eael-entry-title\"><a class=\"eael-grid-post-link\" href=\"https:\/\/mtcassessoria.com.br\/es\/asociacion-para-la-externalizacion-de-las-exportaciones\/\" title=\"Asociaci\u00f3n para la externalizaci\u00f3n de las exportaciones\">Asociaci\u00f3n para la externalizaci\u00f3n de las exportaciones<\/a><\/h2><\/header><div class=\"eael-entry-content\">\n                        <div class=\"eael-grid-post-excerpt\"><p>Asociaci\u00f3n para la externalizaci\u00f3n de las exportaciones Hoy en d\u00eda, existen muchos programas...<\/p><a href=\"https:\/\/mtcassessoria.com.br\/es\/asociacion-para-la-externalizacion-de-las-exportaciones\/\" class=\"eael-post-elements-readmore-btn\">Seguir leyendo<\/a><\/div>\n                    <\/div><\/div><\/div>\n        <\/div>\n    <\/article><article class=\"eael-grid-post eael-post-grid-column\" data-id=\"2232\">\n        <div class=\"eael-grid-post-holder\">\n            <div class=\"eael-grid-post-holder-inner\"><div class=\"eael-entry-media\"><div class=\"eael-entry-overlay fade-in\"><i class=\"fas fa-long-arrow-alt-right\" aria-hidden=\"true\"><\/i><a href=\"https:\/\/mtcassessoria.com.br\/es\/dividir-y-multiplicar\/\"><\/a><\/div><div class=\"eael-entry-thumbnail eael-image-ratio\">\n                <img decoding=\"async\" width=\"2560\" height=\"1707\" src=\"https:\/\/mtcassessoria.com.br\/wp-content\/uploads\/2025\/04\/group-people-working-out-business-plan-office-scaled.jpg\" class=\"attachment-full size-full wp-image-2244\" alt=\"\" srcset=\"https:\/\/mtcassessoria.com.br\/wp-content\/uploads\/2025\/04\/group-people-working-out-business-plan-office-scaled.jpg 2560w, https:\/\/mtcassessoria.com.br\/wp-content\/uploads\/2025\/04\/group-people-working-out-business-plan-office-300x200.jpg 300w, https:\/\/mtcassessoria.com.br\/wp-content\/uploads\/2025\/04\/group-people-working-out-business-plan-office-1024x683.jpg 1024w, https:\/\/mtcassessoria.com.br\/wp-content\/uploads\/2025\/04\/group-people-working-out-business-plan-office-768x512.jpg 768w, https:\/\/mtcassessoria.com.br\/wp-content\/uploads\/2025\/04\/group-people-working-out-business-plan-office-1536x1024.jpg 1536w, https:\/\/mtcassessoria.com.br\/wp-content\/uploads\/2025\/04\/group-people-working-out-business-plan-office-2048x1365.jpg 2048w\" sizes=\"(max-width: 2560px) 100vw, 2560px\" \/>\n            <\/div>\n        <\/div><div class=\"eael-entry-wrapper\"><header class=\"eael-entry-header\"><h2 class=\"eael-entry-title\"><a class=\"eael-grid-post-link\" href=\"https:\/\/mtcassessoria.com.br\/es\/dividir-y-multiplicar\/\" title=\"Dividir y multiplicar\">Dividir y multiplicar<\/a><\/h2><\/header><div class=\"eael-entry-content\">\n                        <div class=\"eael-grid-post-excerpt\"><p>Dividir para multiplicar Jer\u00f4nimo Leiria En los a\u00f1os ochenta, la pr\u00e1ctica...<\/p><a href=\"https:\/\/mtcassessoria.com.br\/es\/dividir-y-multiplicar\/\" class=\"eael-post-elements-readmore-btn\">Seguir leyendo<\/a><\/div>\n                    <\/div><\/div><\/div>\n        <\/div>\n    <\/article><article class=\"eael-grid-post eael-post-grid-column\" data-id=\"2220\">\n        <div class=\"eael-grid-post-holder\">\n            <div class=\"eael-grid-post-holder-inner\"><div class=\"eael-entry-media\"><div class=\"eael-entry-overlay fade-in\"><i class=\"fas fa-long-arrow-alt-right\" aria-hidden=\"true\"><\/i><a href=\"https:\/\/mtcassessoria.com.br\/es\/el-valor-de-una-vision-externa-de-la-innovacion\/\"><\/a><\/div><div class=\"eael-entry-thumbnail eael-image-ratio\">\n                <img loading=\"lazy\" decoding=\"async\" width=\"2560\" height=\"1706\" src=\"https:\/\/mtcassessoria.com.br\/wp-content\/uploads\/2025\/04\/businessman-hand-holding-lightbulb-with-glowing-light-creative-smart-thinking-inspiration-innovation-with-network-concept-scaled.jpg\" class=\"attachment-full size-full wp-image-2241\" alt=\"\" srcset=\"https:\/\/mtcassessoria.com.br\/wp-content\/uploads\/2025\/04\/businessman-hand-holding-lightbulb-with-glowing-light-creative-smart-thinking-inspiration-innovation-with-network-concept-scaled.jpg 2560w, https:\/\/mtcassessoria.com.br\/wp-content\/uploads\/2025\/04\/businessman-hand-holding-lightbulb-with-glowing-light-creative-smart-thinking-inspiration-innovation-with-network-concept-300x200.jpg 300w, https:\/\/mtcassessoria.com.br\/wp-content\/uploads\/2025\/04\/businessman-hand-holding-lightbulb-with-glowing-light-creative-smart-thinking-inspiration-innovation-with-network-concept-1024x683.jpg 1024w, https:\/\/mtcassessoria.com.br\/wp-content\/uploads\/2025\/04\/businessman-hand-holding-lightbulb-with-glowing-light-creative-smart-thinking-inspiration-innovation-with-network-concept-768x512.jpg 768w, https:\/\/mtcassessoria.com.br\/wp-content\/uploads\/2025\/04\/businessman-hand-holding-lightbulb-with-glowing-light-creative-smart-thinking-inspiration-innovation-with-network-concept-1536x1024.jpg 1536w, https:\/\/mtcassessoria.com.br\/wp-content\/uploads\/2025\/04\/businessman-hand-holding-lightbulb-with-glowing-light-creative-smart-thinking-inspiration-innovation-with-network-concept-2048x1365.jpg 2048w\" sizes=\"(max-width: 2560px) 100vw, 2560px\" \/>\n            <\/div>\n        <\/div><div class=\"eael-entry-wrapper\"><header class=\"eael-entry-header\"><h2 class=\"eael-entry-title\"><a class=\"eael-grid-post-link\" href=\"https:\/\/mtcassessoria.com.br\/es\/el-valor-de-una-vision-externa-de-la-innovacion\/\" title=\"El valor de una visi\u00f3n externa de la innovaci\u00f3n\">El valor de una visi\u00f3n externa de la innovaci\u00f3n<\/a><\/h2><\/header><div class=\"eael-entry-content\">\n                        <div class=\"eael-grid-post-excerpt\"><p>El valor de una visi\u00f3n externa de la innovaci\u00f3n...<\/p><a href=\"https:\/\/mtcassessoria.com.br\/es\/el-valor-de-una-vision-externa-de-la-innovacion\/\" class=\"eael-post-elements-readmore-btn\">Seguir leyendo<\/a><\/div>\n                    <\/div><\/div><\/div>\n        <\/div>\n    <\/article><\/div>\n            <div class=\"clearfix\"><\/div>\n        <\/div>\t\t\t\t<\/div>\n\t\t\t\t<\/div>\n\t\t\t\t\t<\/div>\n\t\t\t\t<\/div>\n\t\t\t\t<\/div>","protected":false},"excerpt":{"rendered":"<p>Mant\u00e9ngase al d\u00eda de la actualidad del comercio exterior con el blog de MTC. Aqu\u00ed encontrar\u00e1 art\u00edculos, consejos e informaci\u00f3n [...]<\/p>","protected":false},"author":1,"featured_media":0,"parent":0,"menu_order":0,"comment_status":"closed","ping_status":"closed","template":"","meta":{"site-sidebar-layout":"no-sidebar","site-content-layout":"","ast-site-content-layout":"full-width-container","site-content-style":"default","site-sidebar-style":"default","ast-global-header-display":"","ast-banner-title-visibility":"","ast-main-header-display":"","ast-hfb-above-header-display":"","ast-hfb-below-header-display":"","ast-hfb-mobile-header-display":"","site-post-title":"disabled","ast-breadcrumbs-content":"","ast-featured-img":"disabled","footer-sml-layout":"","theme-transparent-header-meta":"","adv-header-id-meta":"","stick-header-meta":"","header-above-stick-meta":"","header-main-stick-meta":"","header-below-stick-meta":"","astra-migrate-meta-layouts":"default","ast-page-background-enabled":"default","ast-page-background-meta":{"desktop":{"background-color":"var(--ast-global-color-5)","background-image":"","background-repeat":"repeat","background-position":"center center","background-size":"auto","background-attachment":"scroll","background-type":"","background-media":"","overlay-type":"","overlay-color":"","overlay-opacity":"","overlay-gradient":""},"tablet":{"background-color":"","background-image":"","background-repeat":"repeat","background-position":"center center","background-size":"auto","background-attachment":"scroll","background-type":"","background-media":"","overlay-type":"","overlay-color":"","overlay-opacity":"","overlay-gradient":""},"mobile":{"background-color":"","background-image":"","background-repeat":"repeat","background-position":"center center","background-size":"auto","background-attachment":"scroll","background-type":"","background-media":"","overlay-type":"","overlay-color":"","overlay-opacity":"","overlay-gradient":""}},"ast-content-background-meta":{"desktop":{"background-color":"var(--ast-global-color-4)","background-image":"","background-repeat":"repeat","background-position":"center center","background-size":"auto","background-attachment":"scroll","background-type":"","background-media":"","overlay-type":"","overlay-color":"","overlay-opacity":"","overlay-gradient":""},"tablet":{"background-color":"var(--ast-global-color-4)","background-image":"","background-repeat":"repeat","background-position":"center center","background-size":"auto","background-attachment":"scroll","background-type":"","background-media":"","overlay-type":"","overlay-color":"","overlay-opacity":"","overlay-gradient":""},"mobile":{"background-color":"var(--ast-global-color-4)","background-image":"","background-repeat":"repeat","background-position":"center center","background-size":"auto","background-attachment":"scroll","background-type":"","background-media":"","overlay-type":"","overlay-color":"","overlay-opacity":"","overlay-gradient":""}},"_joinchat":[],"footnotes":""},"class_list":["post-30","page","type-page","status-publish","hentry"],"_links":{"self":[{"href":"https:\/\/mtcassessoria.com.br\/es\/wp-json\/wp\/v2\/pages\/30","targetHints":{"allow":["GET"]}}],"collection":[{"href":"https:\/\/mtcassessoria.com.br\/es\/wp-json\/wp\/v2\/pages"}],"about":[{"href":"https:\/\/mtcassessoria.com.br\/es\/wp-json\/wp\/v2\/types\/page"}],"author":[{"embeddable":true,"href":"https:\/\/mtcassessoria.com.br\/es\/wp-json\/wp\/v2\/users\/1"}],"replies":[{"embeddable":true,"href":"https:\/\/mtcassessoria.com.br\/es\/wp-json\/wp\/v2\/comments?post=30"}],"version-history":[{"count":0,"href":"https:\/\/mtcassessoria.com.br\/es\/wp-json\/wp\/v2\/pages\/30\/revisions"}],"wp:attachment":[{"href":"https:\/\/mtcassessoria.com.br\/es\/wp-json\/wp\/v2\/media?parent=30"}],"curies":[{"name":"wp","href":"https:\/\/api.w.org\/{rel}","templated":true}]}}